{"id":87,"date":"2026-03-04T21:20:39","date_gmt":"2026-03-04T21:20:39","guid":{"rendered":"https:\/\/solutionthings.com\/offerings\/"},"modified":"2026-04-13T22:30:56","modified_gmt":"2026-04-13T22:30:56","slug":"servicios","status":"publish","type":"page","link":"https:\/\/solutionthings.com\/en\/servicios\/","title":{"rendered":"Services"},"content":{"rendered":"<div data-spectra-id=\"a0b3a546\"\tstyle=\"overflow: visible; --spectra-background-color: var(--ast-global-color-4);\" class=\"spectra-is-root-container alignfull spectra-overlay-color spectra-overflow spectra-background-color wp-block-spectra-container\" data-orientation=\"vertical\"\t>\n\t\n<div data-spectra-id=\"spectra-mhly2vvk-sh5317\" style=\"overflow: visible\" class=\"spectra-overlay-color spectra-overflow wp-block-spectra-container\" data-orientation=\"vertical\">\n\t\n\t<h1 data-spectra-id=\"spectra-cfdb72a0-heading\" class=\"wp-block-spectra-content\">\n\t\tSoftware Development &amp; Enterprise Automation Solutions\t<\/h1>\n\n<\/div>\n\n<\/div>\n\n\n<div data-spectra-id=\"03dbf2a5\"\tstyle=\"overflow: visible; --spectra-background-color: var(--ast-global-color-5); --spectra-overlay-opacity: 1;\" class=\"spectra-is-root-container alignfull spectra-overlay-color spectra-overflow spectra-background-color spectra-dim-ratio wp-block-spectra-container\" data-orientation=\"vertical\"\t>\n\t\n<div data-spectra-id=\"spectra-fee74e76-18c1-49e9-aae2-39d3c9a3f53d\" style=\"overflow: visible;--spectra-background-color: var(--ast-global-color-4);--spectra-overlay-opacity: 1\" class=\"spectra-overlay-color is-horizontal-desktop is-horizontal-tablet is-vertical-mobile spectra-overflow spectra-background-color spectra-dim-ratio wp-block-spectra-container\" data-orientation=\"horizontal\">\n\t\n<div data-spectra-id=\"spectra-0e27ca29-9e98-4318-9f1a-9952af8fad67\" style=\"overflow: visible;--spectra-overlay-opacity: 1\" class=\"spectra-overlay-color spectra-overflow spectra-dim-ratio wp-block-spectra-container\" data-orientation=\"vertical\">\n\t\n\t<div data-spectra-id=\"spectra-85a1a952-d887-4fbe-9f84-2a8d484038f0\" style=\"color:var(--ast-global-color-0)\" class=\"wp-block-spectra-content has-text-color\">\n\t\t01\t<\/div>\n\n\n\t<h2 data-spectra-id=\"spectra-a7dae26d-f98b-4c93-a636-074d1d1eb5c5\" class=\"wp-block-spectra-content\">\n\t\tCustom Software Development\t<\/h2>\n\n\n\t<p data-spectra-id=\"spectra-501592d1-22f8-457f-ad0f-ec70bde6e479\" class=\"wp-block-spectra-content\">\n\t\tWe create custom business systems that fully adapt to your operations. From internal platforms to management and control tools, everything is designed based on your real processes.<br>We analyze how your business works to build solutions that organize information, optimize tasks, and improve decision-making. The result is a system that grows with you, instead of limiting you like generic solutions.\t<\/p>\n\n\n<div data-spectra-id=\"spectra-mnw9lg57-i9pp2e\" class=\"wp-block-button spectra-buttons wp-block-spectra-buttons\">\n\t\n<a data-spectra-id=\"spectra-mnw9lgee-3pfdvc\" href=\"https:\/\/solutionthings.com\/en\/desarrollo-de-software-a-medida\/\" target=\"_self\" aria-label=\"Read more\" class=\"wp-block-button__link wp-element-button wp-block-spectra-button\">\n<div class=\"spectra-button__link\">Read more<\/div><\/a>\n\n<\/div>\n\n<\/div>\n\n\n<div data-spectra-id=\"spectra-53d7ad1c-6992-4b7a-8cdb-58fef5f5e936\" style=\"overflow: visible;--spectra-overlay-opacity: 1;--spectra-box-shadow: 0px 0px 0px 0px transparent\" class=\"spectra-overlay-color spectra-overflow spectra-dim-ratio spectra-box-shadow wp-block-spectra-container\" data-orientation=\"vertical\">\n\t\n\n<figure data-spectra-id=\"spectra-8cdb5fa4-b12d-42ee-a49c-3f80d5b28716\" class=\"wp-block-image alignright size-full has-custom-border\" style=\"margin-top:0;margin-right:0;margin-bottom:0;margin-left:0\"><img loading=\"lazy\" decoding=\"async\" width=\"1500\" height=\"1000\" src=\"https:\/\/solutionthings.com\/wp-content\/uploads\/2026\/04\/a-medida-banner-1.jpg\" alt=\"\" class=\"wp-image-593\" title=\"services-01\" srcset=\"https:\/\/solutionthings.com\/wp-content\/uploads\/2026\/04\/a-medida-banner-1.jpg 1500w, https:\/\/solutionthings.com\/wp-content\/uploads\/2026\/04\/a-medida-banner-1-300x200.jpg 300w, https:\/\/solutionthings.com\/wp-content\/uploads\/2026\/04\/a-medida-banner-1-1024x683.jpg 1024w, https:\/\/solutionthings.com\/wp-content\/uploads\/2026\/04\/a-medida-banner-1-768x512.jpg 768w, https:\/\/solutionthings.com\/wp-content\/uploads\/2026\/04\/a-medida-banner-1-18x12.jpg 18w\" sizes=\"auto, (max-width: 1500px) 100vw, 1500px\" \/><\/figure>\n\n<\/div>\n\n<\/div>\n\n\n<div data-spectra-id=\"spectra-2f924b0a-36da-4755-a7e4-18aa0c399596\" style=\"overflow: visible;--spectra-background-color: var(--ast-global-color-4);--spectra-overlay-opacity: 1\" class=\"spectra-overlay-color is-horizontal-desktop is-horizontal-tablet is-vertical-mobile spectra-overflow spectra-background-color spectra-dim-ratio wp-block-spectra-container\" data-orientation=\"horizontal\">\n\t\n<div data-spectra-id=\"spectra-9040aa01-9bac-468a-8b13-f7c28d632376\" style=\"overflow: visible;--spectra-overlay-opacity: 1\" class=\"spectra-overlay-color spectra-overflow spectra-dim-ratio wp-block-spectra-container\" data-orientation=\"vertical\">\n\t\n\t<div data-spectra-id=\"spectra-b874f1c6-f9ce-48e3-b07e-c8ce1af549c4\" style=\"color:var(--ast-global-color-0)\" class=\"wp-block-spectra-content has-text-color\">\n\t\t02\t<\/div>\n\n\n\t<h2 data-spectra-id=\"spectra-88e69138-5ddf-45d5-be85-6758304543c3\" class=\"wp-block-spectra-content\">\n\t\tBusiness Process Automation\t<\/h2>\n\n\n\t<p data-spectra-id=\"spectra-ac4905ab-c55b-4b01-a6e6-43c348145b15\" class=\"wp-block-spectra-content\">\n\t\tWe eliminate repetitive tasks and connect your tools to work automatically. We reduce manual intervention, errors, and the time spent on operational processes.<br>We design automations that integrate services, manage data, and execute seamless workflows, allowing you to focus on what truly matters: growing your business.\t<\/p>\n\n\n<div data-spectra-id=\"spectra-mnw9luc7-3hjgrb\" class=\"wp-block-button spectra-buttons wp-block-spectra-buttons\">\n\t\n<a data-spectra-id=\"spectra-mnw9lujr-8n6q9b\" href=\"https:\/\/solutionthings.com\/en\/automatizacion-de-procesos\/\" target=\"_self\" aria-label=\"Read more\" class=\"wp-block-button__link wp-element-button wp-block-spectra-button\">\n<div class=\"spectra-button__link\">Read more<\/div><\/a>\n\n<\/div>\n\n<\/div>\n\n\n<div data-spectra-id=\"spectra-b67c2cc4-a727-47a1-a91f-c529276116e4\" style=\"overflow: visible;--spectra-overlay-opacity: 1\" class=\"spectra-overlay-color spectra-overflow spectra-dim-ratio wp-block-spectra-container\" data-orientation=\"vertical\">\n\t\n\n<figure data-spectra-id=\"spectra-370cfa43-604b-44cb-94f0-da005d448c47\" class=\"wp-block-image alignright size-full has-custom-border\" style=\"margin-top:0;margin-right:0;margin-bottom:0;margin-left:0\"><img loading=\"lazy\" decoding=\"async\" width=\"2560\" height=\"1877\" src=\"https:\/\/solutionthings.com\/wp-content\/uploads\/2026\/04\/automatizacion-scaled.jpg\" alt=\"automatizacion\" class=\"wp-image-497\" title=\"services-01\" srcset=\"https:\/\/solutionthings.com\/wp-content\/uploads\/2026\/04\/automatizacion-scaled.jpg 2560w, https:\/\/solutionthings.com\/wp-content\/uploads\/2026\/04\/automatizacion-300x220.jpg 300w, https:\/\/solutionthings.com\/wp-content\/uploads\/2026\/04\/automatizacion-1024x751.jpg 1024w, https:\/\/solutionthings.com\/wp-content\/uploads\/2026\/04\/automatizacion-768x563.jpg 768w, https:\/\/solutionthings.com\/wp-content\/uploads\/2026\/04\/automatizacion-1536x1126.jpg 1536w, https:\/\/solutionthings.com\/wp-content\/uploads\/2026\/04\/automatizacion-2048x1502.jpg 2048w\" sizes=\"auto, (max-width: 2560px) 100vw, 2560px\" \/><\/figure>\n\n<\/div>\n\n<\/div>\n\n\n<div data-spectra-id=\"spectra-102361c4-c8aa-48b1-8e3d-4aa3a2193481\" style=\"overflow: visible;--spectra-background-color: var(--ast-global-color-4);--spectra-overlay-opacity: 1\" class=\"spectra-overlay-color is-horizontal-desktop is-horizontal-tablet is-vertical-mobile spectra-overflow spectra-background-color spectra-dim-ratio wp-block-spectra-container\" data-orientation=\"horizontal\">\n\t\n<div data-spectra-id=\"spectra-7c57e783-08cb-48f2-a3b6-e77fbea0905c\" style=\"overflow: visible;--spectra-overlay-opacity: 1\" class=\"spectra-overlay-color spectra-overflow spectra-dim-ratio wp-block-spectra-container\" data-orientation=\"vertical\">\n\t\n\t<div data-spectra-id=\"spectra-345f1986-0a85-4b92-853e-eaec1c3ae1f8\" style=\"color:var(--ast-global-color-0)\" class=\"wp-block-spectra-content has-text-color\">\n\t\t03\t<\/div>\n\n\n\t<h2 data-spectra-id=\"spectra-8b5869ef-0110-49db-9ea4-047d37b94e14\" class=\"wp-block-spectra-content\">\n\t\tSoftware Integration\t<\/h2>\n\n\n\t<p data-spectra-id=\"spectra-8bd6c10d-c2aa-4b63-8272-62f19805d715\" class=\"wp-block-spectra-content\">\n\t\tWe unify your systems through APIs and integrations so your information flows in real time, without duplication or inconsistencies.<br>We connect platforms, tools, and databases to centralize operations, enhance business visibility, and facilitate decision-making based on reliable data.\t<\/p>\n\n\n<div data-spectra-id=\"spectra-mnw9meby-h00ho7\" class=\"wp-block-button spectra-buttons wp-block-spectra-buttons\">\n\t\n<a data-spectra-id=\"spectra-mnw9meky-m2513y\" href=\"https:\/\/solutionthings.com\/en\/integracion-de-sistemas\/\" target=\"_self\" aria-label=\"Read more\" class=\"wp-block-button__link wp-element-button wp-block-spectra-button\">\n<div class=\"spectra-button__link\">Read more<\/div><\/a>\n\n<\/div>\n\n<\/div>\n\n\n<div data-spectra-id=\"spectra-9e94b28c-0a33-4972-8c3a-b333925e6b94\" style=\"overflow: visible;--spectra-overlay-opacity: 1\" class=\"spectra-overlay-color spectra-overflow spectra-dim-ratio wp-block-spectra-container\" data-orientation=\"vertical\">\n\t\n\n<figure data-spectra-id=\"spectra-8ca5d7d8-f9af-4da9-99b7-c5a20bc6ec4b\" class=\"wp-block-image alignright size-full has-custom-border\" style=\"margin-top:0;margin-right:0;margin-bottom:0;margin-left:0\"><img loading=\"lazy\" decoding=\"async\" width=\"2560\" height=\"1709\" src=\"https:\/\/solutionthings.com\/wp-content\/uploads\/2026\/04\/integrar-scaled.jpg\" alt=\"integrar\" class=\"wp-image-498\" title=\"services-01\" srcset=\"https:\/\/solutionthings.com\/wp-content\/uploads\/2026\/04\/integrar-scaled.jpg 2560w, https:\/\/solutionthings.com\/wp-content\/uploads\/2026\/04\/integrar-300x200.jpg 300w, https:\/\/solutionthings.com\/wp-content\/uploads\/2026\/04\/integrar-1024x684.jpg 1024w, https:\/\/solutionthings.com\/wp-content\/uploads\/2026\/04\/integrar-768x513.jpg 768w, https:\/\/solutionthings.com\/wp-content\/uploads\/2026\/04\/integrar-1536x1025.jpg 1536w, https:\/\/solutionthings.com\/wp-content\/uploads\/2026\/04\/integrar-2048x1367.jpg 2048w\" sizes=\"auto, (max-width: 2560px) 100vw, 2560px\" \/><\/figure>\n\n<\/div>\n\n<\/div>\n\n<\/div>\n\n\n<div data-spectra-id=\"spectra-mhj0nbqx-f47afy\"\tstyle=\"overflow: visible; --spectra-background-color: var(--ast-global-color-4); --spectra-overlay-opacity: 1;\" class=\"spectra-background-overlay has-container-overlay spectra-is-root-container alignfull spectra-overlay-color spectra-overflow spectra-background-color spectra-dim-ratio wp-block-spectra-container\" data-orientation=\"vertical\"\t>\n\t\n<div data-spectra-id=\"spectra-mhj0nrdf-aiz2zh\" style=\"overflow: visible\" class=\"spectra-overlay-color spectra-overflow wp-block-spectra-container\" data-orientation=\"vertical\">\n\t\n\t<h2 data-spectra-id=\"spectra-4a74ad68-title\" style=\"--spectra-text-color: #ffffff\" class=\"has-text-color spectra-text-color wp-block-spectra-content has-text-color has-ffffff-color\">\n\t\tReady to automate your business?\t<\/h2>\n\n\n\t<p data-spectra-id=\"spectra-4a74ad68-desc\" style=\"--spectra-text-color: #ffffff\" class=\"has-text-color spectra-text-color wp-block-spectra-content has-text-color has-ffffff-color\">\n\t\tContact us and discover how custom software can optimize your operations and increase your profitability.\t<\/p>\n\n\n<div data-spectra-id=\"spectra-4a74ad68-btns\" class=\"wp-block-button spectra-buttons wp-block-spectra-buttons\">\n\t\n<a data-spectra-id=\"spectra-4a74ad68-btn\" href=\"https:\/\/solutionthings.com\/en\/contact\/\" target=\"_self\" aria-label=\"I want to automate my business\" class=\"wp-block-button__link wp-element-button wp-block-spectra-button\">\n<div class=\"spectra-button__link\">I want to automate my business<\/div><\/a>\n\n<\/div>\n\n<\/div>\n\n<\/div>\n\n\n\n<p><\/p>","protected":false},"excerpt":{"rendered":"","protected":false},"author":1,"featured_media":0,"parent":0,"menu_order":0,"comment_status":"closed","ping_status":"closed","template":"","meta":{"_uag_custom_page_level_css":"","site-sidebar-layout":"default","site-content-layout":"","ast-site-content-layout":"default","site-content-style":"default","site-sidebar-style":"default","ast-global-header-display":"","ast-banner-title-visibility":"","ast-main-header-display":"","ast-hfb-above-header-display":"","ast-hfb-below-header-display":"","ast-hfb-mobile-header-display":"","site-post-title":"disabled","ast-breadcrumbs-content":"","ast-featured-img":"","footer-sml-layout":"","ast-disable-related-posts":"","theme-transparent-header-meta":"enabled","adv-header-id-meta":"","stick-header-meta":"","header-above-stick-meta":"","header-main-stick-meta":"","header-below-stick-meta":"","astra-migrate-meta-layouts":"default","ast-page-background-enabled":"default","ast-page-background-meta":{"desktop":{"background-color":"var(--ast-global-color-4)","background-image":"","background-repeat":"repeat","background-position":"center center","background-size":"auto","background-attachment":"scroll","background-type":"","background-media":"","overlay-type":"","overlay-color":"","overlay-opacity":"","overlay-gradient":""},"tablet":{"background-color":"","background-image":"","background-repeat":"repeat","background-position":"center center","background-size":"auto","background-attachment":"scroll","background-type":"","background-media":"","overlay-type":"","overlay-color":"","overlay-opacity":"","overlay-gradient":""},"mobile":{"background-color":"","background-image":"","background-repeat":"repeat","background-position":"center center","background-size":"auto","background-attachment":"scroll","background-type":"","background-media":"","overlay-type":"","overlay-color":"","overlay-opacity":"","overlay-gradient":""}},"ast-content-background-meta":{"desktop":{"background-color":"var(--ast-global-color-5)","background-image":"","background-repeat":"repeat","background-position":"center center","background-size":"auto","background-attachment":"scroll","background-type":"","background-media":"","overlay-type":"","overlay-color":"","overlay-opacity":"","overlay-gradient":""},"tablet":{"background-color":"var(--ast-global-color-5)","background-image":"","background-repeat":"repeat","background-position":"center center","background-size":"auto","background-attachment":"scroll","background-type":"","background-media":"","overlay-type":"","overlay-color":"","overlay-opacity":"","overlay-gradient":""},"mobile":{"background-color":"var(--ast-global-color-5)","background-image":"","background-repeat":"repeat","background-position":"center center","background-size":"auto","background-attachment":"scroll","background-type":"","background-media":"","overlay-type":"","overlay-color":"","overlay-opacity":"","overlay-gradient":""}},"footnotes":""},"class_list":["post-87","page","type-page","status-publish","hentry"],"yoast_head":"<!-- This site is optimized with the Yoast SEO plugin v27.4 - https:\/\/yoast.com\/product\/yoast-seo-wordpress\/ -->\n<title>Servicios - Solution Things<\/title>\n<meta name=\"description\" content=\"Servicios de desarrollo de software a medida, automatizaci\u00f3n de procesos e integraci\u00f3n de sistemas para empresas que buscan optimizar su operaci\u00f3n y crecer.\" \/>\n<meta name=\"robots\" content=\"index, follow, max-snippet:-1, max-image-preview:large, max-video-preview:-1\" \/>\n<link rel=\"canonical\" href=\"https:\/\/solutionthings.com\/en\/servicios\/\" \/>\n<meta property=\"og:locale\" content=\"en_US\" \/>\n<meta property=\"og:type\" content=\"article\" \/>\n<meta property=\"og:title\" content=\"Services - Solution Things\" \/>\n<meta property=\"og:description\" content=\"Servicios de desarrollo de software a medida, automatizaci\u00f3n de procesos e integraci\u00f3n de sistemas para empresas que buscan optimizar su operaci\u00f3n y crecer.\" \/>\n<meta property=\"og:url\" content=\"https:\/\/solutionthings.com\/en\/servicios\/\" \/>\n<meta property=\"og:site_name\" content=\"Solution Things\" \/>\n<meta property=\"article:modified_time\" content=\"2026-04-13T22:30:56+00:00\" \/>\n<meta property=\"og:image\" content=\"https:\/\/solutionthings.com\/wp-content\/uploads\/2026\/04\/integrar-scaled.jpg\" \/>\n\t<meta property=\"og:image:width\" content=\"2560\" \/>\n\t<meta property=\"og:image:height\" content=\"1709\" \/>\n\t<meta property=\"og:image:type\" content=\"image\/jpeg\" \/>\n<meta name=\"twitter:card\" content=\"summary_large_image\" \/>\n<meta name=\"twitter:label1\" content=\"Est. reading time\" \/>\n\t<meta name=\"twitter:data1\" content=\"1 minute\" \/>\n<script type=\"application\/ld+json\" class=\"yoast-schema-graph\">{\"@context\":\"https:\\\/\\\/schema.org\",\"@graph\":[{\"@type\":\"WebPage\",\"@id\":\"https:\\\/\\\/solutionthings.com\\\/servicios\\\/\",\"url\":\"https:\\\/\\\/solutionthings.com\\\/servicios\\\/\",\"name\":\"Servicios - Solution Things\",\"isPartOf\":{\"@id\":\"https:\\\/\\\/solutionthings.com\\\/#website\"},\"primaryImageOfPage\":{\"@id\":\"https:\\\/\\\/solutionthings.com\\\/servicios\\\/#primaryimage\"},\"image\":{\"@id\":\"https:\\\/\\\/solutionthings.com\\\/servicios\\\/#primaryimage\"},\"thumbnailUrl\":\"https:\\\/\\\/solutionthings.com\\\/wp-content\\\/uploads\\\/2026\\\/04\\\/a-medida-banner-1.jpg\",\"datePublished\":\"2026-03-04T21:20:39+00:00\",\"dateModified\":\"2026-04-13T22:30:56+00:00\",\"description\":\"Servicios de desarrollo de software a medida, automatizaci\u00f3n de procesos e integraci\u00f3n de sistemas para empresas que buscan optimizar su operaci\u00f3n y crecer.\",\"breadcrumb\":{\"@id\":\"https:\\\/\\\/solutionthings.com\\\/servicios\\\/#breadcrumb\"},\"inLanguage\":\"en-US\",\"potentialAction\":[{\"@type\":\"ReadAction\",\"target\":[\"https:\\\/\\\/solutionthings.com\\\/servicios\\\/\"]}]},{\"@type\":\"ImageObject\",\"inLanguage\":\"en-US\",\"@id\":\"https:\\\/\\\/solutionthings.com\\\/servicios\\\/#primaryimage\",\"url\":\"https:\\\/\\\/solutionthings.com\\\/wp-content\\\/uploads\\\/2026\\\/04\\\/a-medida-banner-1.jpg\",\"contentUrl\":\"https:\\\/\\\/solutionthings.com\\\/wp-content\\\/uploads\\\/2026\\\/04\\\/a-medida-banner-1.jpg\"},{\"@type\":\"BreadcrumbList\",\"@id\":\"https:\\\/\\\/solutionthings.com\\\/servicios\\\/#breadcrumb\",\"itemListElement\":[{\"@type\":\"ListItem\",\"position\":1,\"name\":\"Inicio\",\"item\":\"https:\\\/\\\/solutionthings.com\\\/\"},{\"@type\":\"ListItem\",\"position\":2,\"name\":\"Servicios\"}]},{\"@type\":\"WebSite\",\"@id\":\"https:\\\/\\\/solutionthings.com\\\/#website\",\"url\":\"https:\\\/\\\/solutionthings.com\\\/\",\"name\":\"SolutionThings\",\"description\":\"\",\"publisher\":{\"@id\":\"https:\\\/\\\/solutionthings.com\\\/#organization\"},\"potentialAction\":[{\"@type\":\"SearchAction\",\"target\":{\"@type\":\"EntryPoint\",\"urlTemplate\":\"https:\\\/\\\/solutionthings.com\\\/?s={search_term_string}\"},\"query-input\":{\"@type\":\"PropertyValueSpecification\",\"valueRequired\":true,\"valueName\":\"search_term_string\"}}],\"inLanguage\":\"en-US\"},{\"@type\":\"Organization\",\"@id\":\"https:\\\/\\\/solutionthings.com\\\/#organization\",\"name\":\"Solution Things\",\"url\":\"https:\\\/\\\/solutionthings.com\\\/\",\"logo\":{\"@type\":\"ImageObject\",\"inLanguage\":\"en-US\",\"@id\":\"https:\\\/\\\/solutionthings.com\\\/#\\\/schema\\\/logo\\\/image\\\/\",\"url\":\"https:\\\/\\\/solutionthings.com\\\/wp-content\\\/uploads\\\/2026\\\/03\\\/cropped-Gemini_Generated_Image_4738l24738l24738-1.png\",\"contentUrl\":\"https:\\\/\\\/solutionthings.com\\\/wp-content\\\/uploads\\\/2026\\\/03\\\/cropped-Gemini_Generated_Image_4738l24738l24738-1.png\",\"width\":608,\"height\":597,\"caption\":\"Solution Things\"},\"image\":{\"@id\":\"https:\\\/\\\/solutionthings.com\\\/#\\\/schema\\\/logo\\\/image\\\/\"}}]}<\/script>\n<!-- \/ Yoast SEO plugin. -->","yoast_head_json":{"title":"Servicios - Solution Things","description":"Servicios de desarrollo de software a medida, automatizaci\u00f3n de procesos e integraci\u00f3n de sistemas para empresas que buscan optimizar su operaci\u00f3n y crecer.","robots":{"index":"index","follow":"follow","max-snippet":"max-snippet:-1","max-image-preview":"max-image-preview:large","max-video-preview":"max-video-preview:-1"},"canonical":"https:\/\/solutionthings.com\/en\/servicios\/","og_locale":"en_US","og_type":"article","og_title":"Services - Solution Things","og_description":"Servicios de desarrollo de software a medida, automatizaci\u00f3n de procesos e integraci\u00f3n de sistemas para empresas que buscan optimizar su operaci\u00f3n y crecer.","og_url":"https:\/\/solutionthings.com\/en\/servicios\/","og_site_name":"Solution Things","article_modified_time":"2026-04-13T22:30:56+00:00","og_image":[{"width":2560,"height":1709,"url":"https:\/\/solutionthings.com\/wp-content\/uploads\/2026\/04\/integrar-scaled.jpg","type":"image\/jpeg"}],"twitter_card":"summary_large_image","twitter_misc":{"Est. reading time":"1 minute"},"schema":{"@context":"https:\/\/schema.org","@graph":[{"@type":"WebPage","@id":"https:\/\/solutionthings.com\/servicios\/","url":"https:\/\/solutionthings.com\/servicios\/","name":"Servicios - Solution Things","isPartOf":{"@id":"https:\/\/solutionthings.com\/#website"},"primaryImageOfPage":{"@id":"https:\/\/solutionthings.com\/servicios\/#primaryimage"},"image":{"@id":"https:\/\/solutionthings.com\/servicios\/#primaryimage"},"thumbnailUrl":"https:\/\/solutionthings.com\/wp-content\/uploads\/2026\/04\/a-medida-banner-1.jpg","datePublished":"2026-03-04T21:20:39+00:00","dateModified":"2026-04-13T22:30:56+00:00","description":"Servicios de desarrollo de software a medida, automatizaci\u00f3n de procesos e integraci\u00f3n de sistemas para empresas que buscan optimizar su operaci\u00f3n y crecer.","breadcrumb":{"@id":"https:\/\/solutionthings.com\/servicios\/#breadcrumb"},"inLanguage":"en-US","potentialAction":[{"@type":"ReadAction","target":["https:\/\/solutionthings.com\/servicios\/"]}]},{"@type":"ImageObject","inLanguage":"en-US","@id":"https:\/\/solutionthings.com\/servicios\/#primaryimage","url":"https:\/\/solutionthings.com\/wp-content\/uploads\/2026\/04\/a-medida-banner-1.jpg","contentUrl":"https:\/\/solutionthings.com\/wp-content\/uploads\/2026\/04\/a-medida-banner-1.jpg"},{"@type":"BreadcrumbList","@id":"https:\/\/solutionthings.com\/servicios\/#breadcrumb","itemListElement":[{"@type":"ListItem","position":1,"name":"Inicio","item":"https:\/\/solutionthings.com\/"},{"@type":"ListItem","position":2,"name":"Servicios"}]},{"@type":"WebSite","@id":"https:\/\/solutionthings.com\/#website","url":"https:\/\/solutionthings.com\/","name":"SolutionThings","description":"","publisher":{"@id":"https:\/\/solutionthings.com\/#organization"},"potentialAction":[{"@type":"SearchAction","target":{"@type":"EntryPoint","urlTemplate":"https:\/\/solutionthings.com\/?s={search_term_string}"},"query-input":{"@type":"PropertyValueSpecification","valueRequired":true,"valueName":"search_term_string"}}],"inLanguage":"en-US"},{"@type":"Organization","@id":"https:\/\/solutionthings.com\/#organization","name":"Solution Things","url":"https:\/\/solutionthings.com\/","logo":{"@type":"ImageObject","inLanguage":"en-US","@id":"https:\/\/solutionthings.com\/#\/schema\/logo\/image\/","url":"https:\/\/solutionthings.com\/wp-content\/uploads\/2026\/03\/cropped-Gemini_Generated_Image_4738l24738l24738-1.png","contentUrl":"https:\/\/solutionthings.com\/wp-content\/uploads\/2026\/03\/cropped-Gemini_Generated_Image_4738l24738l24738-1.png","width":608,"height":597,"caption":"Solution Things"},"image":{"@id":"https:\/\/solutionthings.com\/#\/schema\/logo\/image\/"}}]}},"_hostinger_reach_plugin_has_subscription_block":false,"_hostinger_reach_plugin_is_elementor":false,"uagb_featured_image_src":{"full":false,"thumbnail":false,"medium":false,"medium_large":false,"large":false,"1536x1536":false,"2048x2048":false,"trp-custom-language-flag":false},"uagb_author_info":{"display_name":"juanorejuela499@gmail.com","author_link":"https:\/\/solutionthings.com\/en\/author\/juanorejuela499gmail-com\/"},"uagb_comment_info":0,"uagb_excerpt":null,"_links":{"self":[{"href":"https:\/\/solutionthings.com\/en\/wp-json\/wp\/v2\/pages\/87","targetHints":{"allow":["GET"]}}],"collection":[{"href":"https:\/\/solutionthings.com\/en\/wp-json\/wp\/v2\/pages"}],"about":[{"href":"https:\/\/solutionthings.com\/en\/wp-json\/wp\/v2\/types\/page"}],"author":[{"embeddable":true,"href":"https:\/\/solutionthings.com\/en\/wp-json\/wp\/v2\/users\/1"}],"replies":[{"embeddable":true,"href":"https:\/\/solutionthings.com\/en\/wp-json\/wp\/v2\/comments?post=87"}],"version-history":[{"count":19,"href":"https:\/\/solutionthings.com\/en\/wp-json\/wp\/v2\/pages\/87\/revisions"}],"predecessor-version":[{"id":614,"href":"https:\/\/solutionthings.com\/en\/wp-json\/wp\/v2\/pages\/87\/revisions\/614"}],"wp:attachment":[{"href":"https:\/\/solutionthings.com\/en\/wp-json\/wp\/v2\/media?parent=87"}],"curies":[{"name":"wp","href":"https:\/\/api.w.org\/{rel}","templated":true}]}}